{"id":2837,"date":"2024-05-21T05:44:49","date_gmt":"2024-05-21T05:44:49","guid":{"rendered":"https:\/\/mmt-mg.com\/?page_id=2837"},"modified":"2024-05-21T07:55:02","modified_gmt":"2024-05-21T07:55:02","slug":"du-sein-et-du-col-de-l-uterus","status":"publish","type":"page","link":"https:\/\/mmt-mg.com\/en\/du-sein-et-du-col-de-l-uterus\/","title":{"rendered":"Ev\u00e9nement  &#8211; Du sein et du col de l\u2019ut\u00e9rus"},"content":{"rendered":"<p>[et_pb_section fb_built=\u00a0\u00bb1&Prime; admin_label=\u00a0\u00bbInformation symposium 2024&Prime; _builder_version=\u00a0\u00bb4.19.2&Prime; _module_preset=\u00a0\u00bbdefault\u00a0\u00bb background_image=\u00a0\u00bbhttp:\/\/mmt-mg.com\/wp-content\/uploads\/2024\/04\/Madagascar-Medical-Technology-Symposium-Seins-Col-Uterus-Background.png\u00a0\u00bb background_position=\u00a0\u00bbbottom_left\u00a0\u00bb width=\u00a0\u00bb100%\u00a0\u00bb max_width=\u00a0\u00bb100%\u00a0\u00bb custom_margin=\u00a0\u00bb0px||0px||true|false\u00a0\u00bb custom_padding=\u00a0\u00bb25px||25px||true|false\u00a0\u00bb background_last_edited=\u00a0\u00bbon|tablet\u00a0\u00bb background_position_tablet=\u00a0\u00bbbottom_left\u00a0\u00bb background_position_phone=\u00a0\u00bbbottom_center\u00a0\u00bb collapsed=\u00a0\u00bbon\u00a0\u00bb global_colors_info=\u00a0\u00bb{}\u00a0\u00bb locked=\u00a0\u00bboff\u00a0\u00bb][et_pb_row column_structure=\u00a0\u00bb1_2,1_2&Prime; admin_label=\u00a0\u00bbRow\u00a0\u00bb _builder_version=\u00a0\u00bb4.19.2&Prime; _module_preset=\u00a0\u00bbdefault\u00a0\u00bb max_width=\u00a0\u00bb200px\u00a0\u00bb module_alignment=\u00a0\u00bbcenter\u00a0\u00bb height=\u00a0\u00bb100%\u00a0\u00bb custom_margin=\u00a0\u00bb||10px||false|false\u00a0\u00bb custom_padding=\u00a0\u00bb0px||0px||true|false\u00a0\u00bb custom_css_main_element=\u00a0\u00bbdisplay: flex;||justify-content: center;||align-items: center;\u00a0\u00bb collapsed=\u00a0\u00bbon\u00a0\u00bb global_colors_info=\u00a0\u00bb{}\u00a0\u00bb][et_pb_column type=\u00a0\u00bb1_2&Prime; _builder_version=\u00a0\u00bb4.19.2&Prime; _module_preset=\u00a0\u00bbdefault\u00a0\u00bb global_colors_info=\u00a0\u00bb{}\u00a0\u00bb][et_pb_image src=\u00a0\u00bbhttp:\/\/mmt-mg.com\/wp-content\/uploads\/2024\/04\/Madagascar-Medical-Technology-logo.png\u00a0\u00bb alt=\u00a0\u00bbMadagascar Medical Technology &#8211; logo\u00a0\u00bb title_text=\u00a0\u00bbMadagascar Medical Technology &#8211; logo\u00a0\u00bb align=\u00a0\u00bbright\u00a0\u00bb admin_label=\u00a0\u00bbLogo MMT\u00a0\u00bb _builder_version=\u00a0\u00bb4.19.2&Prime; _module_preset=\u00a0\u00bbdefault\u00a0\u00bb transform_translate_linked=\u00a0\u00bboff\u00a0\u00bb max_width=\u00a0\u00bb150px\u00a0\u00bb module_alignment=\u00a0\u00bbcenter\u00a0\u00bb max_height=\u00a0\u00bb50px\u00a0\u00bb custom_padding=\u00a0\u00bb|5px|||false|false\u00a0\u00bb global_colors_info=\u00a0\u00bb{}\u00a0\u00bb][\/et_pb_image][\/et_pb_column][et_pb_column type=\u00a0\u00bb1_2&Prime; _builder_version=\u00a0\u00bb4.19.2&Prime; _module_preset=\u00a0\u00bbdefault\u00a0\u00bb global_colors_info=\u00a0\u00bb{}\u00a0\u00bb][et_pb_image src=\u00a0\u00bbhttp:\/\/mmt-mg.com\/wp-content\/uploads\/2024\/04\/Madagascar-Medical-Technology-Siemens-Healthineers-logo.png\u00a0\u00bb alt=\u00a0\u00bbMadagascar Medical Technology &#8211; Siemens Healthineers &#8211; logo\u00a0\u00bb title_text=\u00a0\u00bbMadagascar Medical Technology &#8211; Siemens Healthineers &#8211; logo\u00a0\u00bb admin_label=\u00a0\u00bbLogo Siemens\u00a0\u00bb _builder_version=\u00a0\u00bb4.19.2&Prime; _module_preset=\u00a0\u00bbdefault\u00a0\u00bb transform_translate_linked=\u00a0\u00bboff\u00a0\u00bb max_width=\u00a0\u00bb150px\u00a0\u00bb module_alignment=\u00a0\u00bbcenter\u00a0\u00bb max_height=\u00a0\u00bb50px\u00a0\u00bb custom_padding=\u00a0\u00bb|||5px|false|false\u00a0\u00bb global_colors_info=\u00a0\u00bb{}\u00a0\u00bb][\/et_pb_image][\/et_pb_column][\/et_pb_row][et_pb_row admin_label=\u00a0\u00bbRow\u00a0\u00bb _builder_version=\u00a0\u00bb4.19.2&Prime; _module_preset=\u00a0\u00bbdefault\u00a0\u00bb width=\u00a0\u00bb1080px\u00a0\u00bb max_width=\u00a0\u00bb100%\u00a0\u00bb module_alignment=\u00a0\u00bbcenter\u00a0\u00bb height=\u00a0\u00bb100%\u00a0\u00bb custom_padding=\u00a0\u00bb0px||0px||true|false\u00a0\u00bb collapsed=\u00a0\u00bbon\u00a0\u00bb global_colors_info=\u00a0\u00bb{}\u00a0\u00bb][et_pb_column type=\u00a0\u00bb4_4&Prime; _builder_version=\u00a0\u00bb4.19.2&Prime; _module_preset=\u00a0\u00bbdefault\u00a0\u00bb global_colors_info=\u00a0\u00bb{}\u00a0\u00bb][et_pb_image src=\u00a0\u00bbhttp:\/\/mmt-mg.com\/wp-content\/uploads\/2024\/04\/Madagascar-Medical-Technology-Seins-et-du-col-de-l-uterus-1-1.png\u00a0\u00bb alt=\u00a0\u00bbMadagascar Medical Technology &#8211; Seins et du col de l&rsquo; ut\u00e9rus\u00a0\u00bb title_text=\u00a0\u00bbMadagascar Medical Technology &#8211; Seins et du col de l&rsquo; ut\u00e9rus\u00a0\u00bb admin_label=\u00a0\u00bbImage : evenement\u00a0\u00bb _builder_version=\u00a0\u00bb4.19.2&Prime; _module_preset=\u00a0\u00bbdefault\u00a0\u00bb transform_translate_linked=\u00a0\u00bboff\u00a0\u00bb max_width=\u00a0\u00bb150px\u00a0\u00bb module_alignment=\u00a0\u00bbcenter\u00a0\u00bb custom_margin=\u00a0\u00bb||0px||false|false\u00a0\u00bb hover_enabled=\u00a0\u00bb0&Prime; global_colors_info=\u00a0\u00bb{}\u00a0\u00bb sticky_enabled=\u00a0\u00bb0&Prime;][\/et_pb_image][et_pb_text admin_label=\u00a0\u00bbTitle + sous-titre\u00a0\u00bb _builder_version=\u00a0\u00bb4.19.2&Prime; _module_preset=\u00a0\u00bbdefault\u00a0\u00bb text_font_size=\u00a0\u00bb10px\u00a0\u00bb text_line_height=\u00a0\u00bb1.5em\u00a0\u00bb transform_translate_linked=\u00a0\u00bboff\u00a0\u00bb custom_margin=\u00a0\u00bb||4px||false|false\u00a0\u00bb hover_enabled=\u00a0\u00bb0&Prime; global_colors_info=\u00a0\u00bb{}\u00a0\u00bb sticky_enabled=\u00a0\u00bb0&Prime;]<\/p>\n<p style=\"text-align: center; margin: 0; padding: 0; color: #0e4d71; font-size: 1.3em; font-family: Arial;\"><strong>MADAGASCAR MEDICAL TECHNOLOGY &#8211; SIEMENS HEALTHINEERS<\/strong><\/p>\n<p style=\"text-align: center; margin: 0; color: #0e4d71; font-family: Arial;\">SYMPOSIUM SUR LES INNOVATIONS M\u00c9DICALES POUR LA PRISE EN CHARGE DES PATHOLOGIES<\/p>\n<p>[\/et_pb_text][et_pb_text admin_label=\u00a0\u00bbDU SEIN ET DU COL DE L&rsquo;UTERUS\u00a0\u00bb _builder_version=\u00a0\u00bb4.19.2&Prime; _module_preset=\u00a0\u00bbdefault\u00a0\u00bb transform_scale_linked=\u00a0\u00bboff\u00a0\u00bb transform_translate_linked=\u00a0\u00bboff\u00a0\u00bb max_width=\u00a0\u00bb300px\u00a0\u00bb module_alignment=\u00a0\u00bbcenter\u00a0\u00bb custom_margin=\u00a0\u00bb||4px||false|false\u00a0\u00bb hover_enabled=\u00a0\u00bb0&Prime; global_colors_info=\u00a0\u00bb{}\u00a0\u00bb sticky_enabled=\u00a0\u00bb0&Prime;]<\/p>\n<p style=\"text-align: center; margin: 0; padding: 5px 0; border-top: solid 1px #000; border-bottom: solid 1px #000; font-family: Arial; color: #e40e7f; font-weight: 900; font-size: 1.212em;\">DU SEIN ET DU COL DE L&rsquo;UTERUS<\/p>\n<p>[\/et_pb_text][et_pb_text admin_label=\u00a0\u00bbMadagascar 2023&Prime; _builder_version=\u00a0\u00bb4.19.2&Prime; _module_preset=\u00a0\u00bbdefault\u00a0\u00bb transform_scale_linked=\u00a0\u00bboff\u00a0\u00bb transform_translate_linked=\u00a0\u00bboff\u00a0\u00bb custom_margin=\u00a0\u00bb||4px||false|false\u00a0\u00bb hover_enabled=\u00a0\u00bb0&Prime; global_colors_info=\u00a0\u00bb{}\u00a0\u00bb sticky_enabled=\u00a0\u00bb0&Prime;]<\/p>\n<p style=\"text-align: center; margin: 0; font-family: Arial;\"><strong>MADAGASCAR 2023<\/strong><\/p>\n<p>[\/et_pb_text][et_pb_text _builder_version=\u00a0\u00bb4.19.2&Prime; _module_preset=\u00a0\u00bbdefault\u00a0\u00bb transform_translate_linked=\u00a0\u00bboff\u00a0\u00bb max_width=\u00a0\u00bb300px\u00a0\u00bb module_alignment=\u00a0\u00bbcenter\u00a0\u00bb hover_enabled=\u00a0\u00bb0&Prime; global_colors_info=\u00a0\u00bb{}\u00a0\u00bb sticky_enabled=\u00a0\u00bb0&Prime;]<\/p>\n<p style=\"text-align: center; padding: 0; background-color: #e40e7f; color: #ffffff; margin: 0 !important; font-family: Arial;\"><strong>LE 23 ET 24 MAI<\/strong><\/p>\n<p>[\/et_pb_text][\/et_pb_column][\/et_pb_row][\/et_pb_section][et_pb_section fb_built=\u00a0\u00bb1&Prime; admin_label=\u00a0\u00bbProgrammes\u00a0\u00bb module_class=\u00a0\u00bbsingle-program\u00a0\u00bb _builder_version=\u00a0\u00bb4.19.2&Prime; _module_preset=\u00a0\u00bbdefault\u00a0\u00bb collapsed=\u00a0\u00bboff\u00a0\u00bb global_colors_info=\u00a0\u00bb{}\u00a0\u00bb][et_pb_row admin_label=\u00a0\u00bbJEUDI 25 MAI 2024&Prime; _builder_version=\u00a0\u00bb4.19.2&Prime; _module_preset=\u00a0\u00bbdefault\u00a0\u00bb collapsed=\u00a0\u00bboff\u00a0\u00bb global_colors_info=\u00a0\u00bb{}\u00a0\u00bb][et_pb_column type=\u00a0\u00bb4_4&Prime; _builder_version=\u00a0\u00bb4.19.2&Prime; _module_preset=\u00a0\u00bbdefault\u00a0\u00bb global_colors_info=\u00a0\u00bb{}\u00a0\u00bb][et_pb_text admin_label=\u00a0\u00bbOrdre du jour\u00a0\u00bb _builder_version=\u00a0\u00bb4.19.2&Prime; _module_preset=\u00a0\u00bbdefault\u00a0\u00bb hover_enabled=\u00a0\u00bb0&Prime; global_colors_info=\u00a0\u00bb{}\u00a0\u00bb sticky_enabled=\u00a0\u00bb0&Prime;]<\/p>\n<h2><span class=\"material-symbols-outlined\"><br \/>calendar_month<br \/><\/span> PROGRAMME : JEUDI 23 MAI 2024<\/h2>\n<ul>\n<li><strong>08h30 &#8211; 09h30 :<\/strong> Accueil des participants et enregistrement &#8211; Collation petit-d\u00e9jeuner<\/li>\n<li><strong>09h30 &#8211; 09h45 :<\/strong> Pr\u00e9sentation du programme &#8211; Vid\u00e9o MMT<br \/>Ouverture officielle- Discours du DG de MMT<\/li>\n<li><strong>09h45 &#8211; 09h50 :<\/strong> Discours du repr\u00e9sentant de SIEMENS Healthineers East Africa<\/li>\n<li><strong>09h50 &#8211; 09h55 :<\/strong> Discours du Maire de FIAFERANA<\/li>\n<li><strong>09h55 &#8211; 10h00 :<\/strong> Discours du repr\u00e9sentant du Minist\u00e8re de la Sant\u00e9<\/li>\n<li><strong>10h00 &#8211; 10h30 : <\/strong> Pl\u00e9ni\u00e8re 1 : La place de la femme dans la sensibilisation et d\u00e9pistage des cancers f\u00e9minins<br \/><strong> Pr RANDRIAMBELOMANANA ANDERSON<\/strong><\/li>\n<li><strong>10h30 &#8211; 10h45 :<\/strong> Break<\/li>\n<li><strong>10h45 &#8211; 11h45 : <\/strong>Pl\u00e9ni\u00e8re 2 : Imaging in Breast Cancer Screening<br \/><strong> Mr MOHAMED TALBI ALAMI &#8211; SIEMENS<\/strong><\/li>\n<li><strong>11h45 &#8211; 13h15 :<\/strong> Pause d\u00e9jeuner<\/li>\n<li><strong>13h15 &#8211; 14h00 :<\/strong> Pl\u00e9ni\u00e8re 3 : Nouveaux protocoles d&rsquo;IRM et Radiologie mol\u00e9culaire dans l&rsquo;exploration, l&rsquo;\u00e9valuation, et le suivi des cancers gyn\u00e9cologiques.<br \/><strong> Dr RALAISOMAY GABRIEL<\/strong><\/li>\n<li><strong>14h00 &#8211; 14h30 :<\/strong> Pl\u00e9ni\u00e8re 4 : Brachytherapy- See more, Target more, Treat more.<br \/><strong> Dr RALAISOMAY GABRIEL<\/strong><\/li>\n<li><strong>14h30 &#8211; 14h45 :<\/strong> Break<\/li>\n<li><strong>14h45 &#8211; 15h55 :<\/strong> Pl\u00e9ni\u00e8re 5 : Women\u2019s health depends on a lifetime of answers &#8211; one test at a time<\/li>\n<li><strong>15h55 &#8211; 16h00 :<\/strong> El\u00e9ments cl\u00e9s \u00e0 retenir<\/li>\n<li><strong>16h00 :<\/strong> Closing remarks<\/li>\n<\/ul>\n<p>[\/et_pb_text][\/et_pb_column][\/et_pb_row][et_pb_row admin_label=\u00a0\u00bbVENDREDI 26 MAI 2023&Prime; _builder_version=\u00a0\u00bb4.19.2&Prime; _module_preset=\u00a0\u00bbdefault\u00a0\u00bb collapsed=\u00a0\u00bboff\u00a0\u00bb global_colors_info=\u00a0\u00bb{}\u00a0\u00bb][et_pb_column type=\u00a0\u00bb4_4&Prime; _builder_version=\u00a0\u00bb4.19.2&Prime; _module_preset=\u00a0\u00bbdefault\u00a0\u00bb global_colors_info=\u00a0\u00bb{}\u00a0\u00bb][et_pb_text admin_label=\u00a0\u00bbOrdre du jour\u00a0\u00bb _builder_version=\u00a0\u00bb4.19.2&Prime; _module_preset=\u00a0\u00bbdefault\u00a0\u00bb global_colors_info=\u00a0\u00bb{}\u00a0\u00bb]<\/p>\n<h2><span class=\"material-symbols-outlined\"><br \/>\ncalendar_month<br \/>\n<\/span> PROGRAMME : VENDREDI 24 MAI 2024<\/h2>\n<ul>\n<li><strong>08h30 &#8211; 09h00 :<\/strong> Participants\u2019 welcoming and Breakfast session<\/li>\n<li><strong>09h00 &#8211; 09h10 :<\/strong> Program presentation<\/li>\n<li><strong>09h10 &#8211; 09h30 :<\/strong> Cancers gyn\u00e9cologiques \u00e0 Madagascar : Etat des lieux, besoins et perspectives <strong>Pr JOSOA RAFARAMINO Florine<\/strong><\/li>\n<li><strong>09h30 &#8211; 10h15 :<\/strong> Pl\u00e9ni\u00e8re 1 : A world without fear of cancer-an introduction to the Varian portfolio <\/br><strong>Mr TIM CLARK &#8211; SIEMENS <\/strong><\/li>\n<li><strong>10h15 &#8211; 10h30 :<\/strong> Break<\/li>\n<li><strong>10h30 &#8211; 11h00 :<\/strong> Pl\u00e9ni\u00e8re 2 : Le r\u00f4le crucial de la biologie dans la pr\u00e9vention et le suivi des cancers f\u00e9minins <\/br><strong>Dr RASOANAIVO NIVOHANITRA <\/strong><\/li>\n<li><strong>11h00 &#8211; 11h30 :<\/strong> Pl\u00e9ni\u00e8re 3 : Traitement m\u00e9dical des cancers du col ut\u00e9rin et des cancers du sein \u00e0 Madagascar<\/br><strong>Pr HASINIATSY RODRIGUE EMILE<\/strong><\/li>\n<li><strong>11h30 &#8211; 13h00 :<\/strong> Pause d\u00e9jeuner<\/li>\n<li><strong>13h00 &#8211; 13h45 :<\/strong> Pl\u00e9ni\u00e8re 4 : A Sustainable Access to Care <\/br><strong>Mme YONELA QWABE &#8211; SIEMENS<\/strong><\/li>\n<li><strong>13h45 &#8211; 14h00 :<\/strong> RECAPITULATIF : Messages cl\u00e9s et principale conclusion<\/li>\n<\/ul>\n<h2 style=\"opacity:.5; text-align:center\">Closing cocktail<\/h2>\n<ul>\n<li><strong>14h00 &#8211; 14h10 : <\/strong>Program presentation<\/li>\n<li><strong>14h10 &#8211; 14h15 :<\/strong> Mots de remerciements de SIEMENS Healthineers<\/li>\n<li><strong>14h15 &#8211; 14h20 :<\/strong> Mots de remerciements de MMT<\/li>\n<li><strong>14h20 &#8211; 16h00 :<\/strong> COCKTAIL<\/li>\n<\/ul>\n<p>[\/et_pb_text][\/et_pb_column][\/et_pb_row][\/et_pb_section]<\/p>","protected":false},"excerpt":{"rendered":"<p>MADAGASCAR MEDICAL TECHNOLOGY &#8211; SIEMENS HEALTHINEERS SYMPOSIUM SUR LES INNOVATIONS M\u00c9DICALES POUR LA PRISE EN CHARGE DES PATHOLOGIESDU SEIN ET DU COL DE L&rsquo;UTERUSMADAGASCAR 2023LE 23 ET 24 MAIcalendar_month PROGRAMME : JEUDI 23 MAI 2024 08h30 &#8211; 09h30 : Accueil des participants et enregistrement &#8211; Collation petit-d\u00e9jeuner 09h30 &#8211; 09h45 : Pr\u00e9sentation du programme &#8211; [&hellip;]<\/p>","protected":false},"author":1,"featured_media":0,"parent":0,"menu_order":0,"comment_status":"closed","ping_status":"closed","template":"","meta":{"_acf_changed":false,"_et_pb_use_builder":"on","_et_pb_old_content":"","_et_gb_content_width":"","om_disable_all_campaigns":false,"_monsterinsights_skip_tracking":false,"_monsterinsights_sitenote_active":false,"_monsterinsights_sitenote_note":"","_monsterinsights_sitenote_category":0,"footnotes":""},"class_list":["post-2837","page","type-page","status-publish","hentry"],"acf":[],"aioseo_notices":[],"_links":{"self":[{"href":"https:\/\/mmt-mg.com\/en\/wp-json\/wp\/v2\/pages\/2837","targetHints":{"allow":["GET"]}}],"collection":[{"href":"https:\/\/mmt-mg.com\/en\/wp-json\/wp\/v2\/pages"}],"about":[{"href":"https:\/\/mmt-mg.com\/en\/wp-json\/wp\/v2\/types\/page"}],"author":[{"embeddable":true,"href":"https:\/\/mmt-mg.com\/en\/wp-json\/wp\/v2\/users\/1"}],"replies":[{"embeddable":true,"href":"https:\/\/mmt-mg.com\/en\/wp-json\/wp\/v2\/comments?post=2837"}],"version-history":[{"count":23,"href":"https:\/\/mmt-mg.com\/en\/wp-json\/wp\/v2\/pages\/2837\/revisions"}],"predecessor-version":[{"id":2868,"href":"https:\/\/mmt-mg.com\/en\/wp-json\/wp\/v2\/pages\/2837\/revisions\/2868"}],"wp:attachment":[{"href":"https:\/\/mmt-mg.com\/en\/wp-json\/wp\/v2\/media?parent=2837"}],"curies":[{"name":"wp","href":"https:\/\/api.w.org\/{rel}","templated":true}]}}